{"id":54,"date":"2022-02-22T11:45:15","date_gmt":"2022-02-22T10:45:15","guid":{"rendered":"https:\/\/zapatissimo.nicewalkers.com\/?page_id=54"},"modified":"2025-02-15T00:15:28","modified_gmt":"2025-02-14T23:15:28","slug":"about-us","status":"publish","type":"page","link":"https:\/\/zapatissimo.de\/en\/uber-uns\/","title":{"rendered":"About us"},"content":{"rendered":"\t\t<div data-elementor-type=\"wp-page\" data-elementor-id=\"54\" class=\"elementor elementor-54\" data-elementor-post-type=\"page\">\n\t\t\t\t<div class=\"elementor-element elementor-element-66cad88 e-flex e-con-boxed e-con e-parent\" data-id=\"66cad88\" data-element_type=\"container\" data-e-type=\"container\" data-settings=\"{&quot;jet_parallax_layout_list&quot;:[{&quot;jet_parallax_layout_image&quot;:{&quot;url&quot;:&quot;&quot;,&quot;id&quot;:&quot;&quot;,&quot;size&quot;:&quot;&quot;},&quot;_id&quot;:&quot;d781b08&quot;,&quot;jet_parallax_layout_image_tablet&quot;:{&quot;url&quot;:&quot;&quot;,&quot;id&quot;:&quot;&quot;,&quot;size&quot;:&quot;&quot;},&quot;jet_parallax_layout_image_mobile&quot;:{&quot;url&quot;:&quot;&quot;,&quot;id&quot;:&quot;&quot;,&quot;size&quot;:&quot;&quot;},&quot;jet_parallax_layout_speed&quot;:{&quot;unit&quot;:&quot;%&quot;,&quot;size&quot;:50,&quot;sizes&quot;:[]},&quot;jet_parallax_layout_type&quot;:&quot;scroll&quot;,&quot;jet_parallax_layout_direction&quot;:&quot;1&quot;,&quot;jet_parallax_layout_fx_direction&quot;:null,&quot;jet_parallax_layout_z_index&quot;:&quot;&quot;,&quot;jet_parallax_layout_bg_x&quot;:50,&quot;jet_parallax_layout_bg_x_tablet&quot;:&quot;&quot;,&quot;jet_parallax_layout_bg_x_mobile&quot;:&quot;&quot;,&quot;jet_parallax_layout_bg_y&quot;:50,&quot;jet_parallax_layout_bg_y_tablet&quot;:&quot;&quot;,&quot;jet_parallax_layout_bg_y_mobile&quot;:&quot;&quot;,&quot;jet_parallax_layout_bg_size&quot;:&quot;auto&quot;,&quot;jet_parallax_layout_bg_size_tablet&quot;:&quot;&quot;,&quot;jet_parallax_layout_bg_size_mobile&quot;:&quot;&quot;,&quot;jet_parallax_layout_animation_prop&quot;:&quot;transform&quot;,&quot;jet_parallax_layout_on&quot;:[&quot;desktop&quot;,&quot;tablet&quot;]}],&quot;background_background&quot;:&quot;classic&quot;}\">\n\t\t\t\t\t<div class=\"e-con-inner\">\n\t\t<div class=\"elementor-element elementor-element-ba93eed e-con-full e-flex e-con e-child\" data-id=\"ba93eed\" data-element_type=\"container\" data-e-type=\"container\" data-settings=\"{&quot;jet_parallax_layout_list&quot;:[]}\">\n\t\t\t\t<div class=\"elementor-element elementor-element-c6ad103 elementor-widget elementor-widget-heading\" data-id=\"c6ad103\" data-element_type=\"widget\" data-e-type=\"widget\" data-widget_type=\"heading.default\">\n\t\t\t\t<div class=\"elementor-widget-container\">\n\t\t\t\t\t<h2 class=\"elementor-heading-title elementor-size-default\">\u00dcber uns<\/h2>\t\t\t\t<\/div>\n\t\t\t\t<\/div>\n\t\t\t\t<\/div>\n\t\t\t\t\t<\/div>\n\t\t\t\t<\/div>\n\t\t<div class=\"elementor-element elementor-element-1d0f54b e-flex e-con-boxed e-con e-parent\" data-id=\"1d0f54b\" data-element_type=\"container\" data-e-type=\"container\" data-settings=\"{&quot;jet_parallax_layout_list&quot;:[{&quot;_id&quot;:&quot;fcea1cd&quot;,&quot;jet_parallax_layout_image&quot;:{&quot;url&quot;:&quot;&quot;,&quot;id&quot;:&quot;&quot;,&quot;size&quot;:&quot;&quot;},&quot;jet_parallax_layout_image_tablet&quot;:{&quot;url&quot;:&quot;&quot;,&quot;id&quot;:&quot;&quot;,&quot;size&quot;:&quot;&quot;},&quot;jet_parallax_layout_image_mobile&quot;:{&quot;url&quot;:&quot;&quot;,&quot;id&quot;:&quot;&quot;,&quot;size&quot;:&quot;&quot;},&quot;jet_parallax_layout_speed&quot;:{&quot;unit&quot;:&quot;%&quot;,&quot;size&quot;:50,&quot;sizes&quot;:[]},&quot;jet_parallax_layout_type&quot;:&quot;scroll&quot;,&quot;jet_parallax_layout_direction&quot;:&quot;1&quot;,&quot;jet_parallax_layout_fx_direction&quot;:null,&quot;jet_parallax_layout_z_index&quot;:&quot;&quot;,&quot;jet_parallax_layout_bg_x&quot;:50,&quot;jet_parallax_layout_bg_x_tablet&quot;:&quot;&quot;,&quot;jet_parallax_layout_bg_x_mobile&quot;:&quot;&quot;,&quot;jet_parallax_layout_bg_y&quot;:50,&quot;jet_parallax_layout_bg_y_tablet&quot;:&quot;&quot;,&quot;jet_parallax_layout_bg_y_mobile&quot;:&quot;&quot;,&quot;jet_parallax_layout_bg_size&quot;:&quot;auto&quot;,&quot;jet_parallax_layout_bg_size_tablet&quot;:&quot;&quot;,&quot;jet_parallax_layout_bg_size_mobile&quot;:&quot;&quot;,&quot;jet_parallax_layout_animation_prop&quot;:&quot;transform&quot;,&quot;jet_parallax_layout_on&quot;:[&quot;desktop&quot;,&quot;tablet&quot;]}]}\">\n\t\t\t\t\t<div class=\"e-con-inner\">\n\t\t<div class=\"elementor-element elementor-element-9632b5f e-con-full e-flex e-con e-child\" data-id=\"9632b5f\" data-element_type=\"container\" data-e-type=\"container\" data-settings=\"{&quot;background_background&quot;:&quot;classic&quot;,&quot;jet_parallax_layout_list&quot;:[]}\">\n\t\t\t\t<div class=\"elementor-element elementor-element-b1914c7 elementor-widget elementor-widget-text-editor\" data-id=\"b1914c7\" data-element_type=\"widget\" data-e-type=\"widget\" data-widget_type=\"text-editor.default\">\n\t\t\t\t<div class=\"elementor-widget-container\">\n\t\t\t\t\t\t\t\t\t<p>Zapatissimo ist die einzige und gr\u00f6\u00dfte authentische lateinamerikanische Schule in Berlin. Unsere Lehrer sind kompetent, erfahren und charmant.<br \/>Alle kommen aus Kuba und S\u00fcdamerika oder verf\u00fcgen \u00fcber tiefe Kenntnisse des s\u00fcdamerikanischen und karibischen Tanzes.<br \/>Profitieren Sie von ihrer Vielseitigkeit, Professionalit\u00e4t und Anpassungsf\u00e4higkeit<br \/>an alle). In schlicht und nat\u00fcrlich.<br \/>Wir unterrichten Salsa, Bachata und argentinischen Tango.<br \/>Lernen Sie m\u00fchelos, mit Leichtigkeit und in einer vertrauten Umgebung.<br \/>Wir geben Ihnen die M\u00f6glichkeit, verschiedene Stile zu erlernen,\u00a0also nicht nur mit bestimmten Partnern, sondern wirklich mit allen\u00a0tanzen k\u00f6nnen, Qualifizierte Tanzlehrer begleiten Sie und unterst\u00fctzen Sie bei Ihrem Tanz.<br \/>Entwicklung. Wir haben eine Vielzahl weiterer Angebote: Tanzanimationen f\u00fcr\u00a0Firmenfeiern, spektakul\u00e4re Tanzshows, Raummiete, Privatunterricht pers\u00f6nlich oder online,<br \/>Tanzkurse, Workshops, Dance Boot Camps (ein Level an einem Tag), Tanzgutscheine,\u00a0Tanzschuhe und Raummiete f\u00fcr Sport, Yoga, Training, Proben oder private Feiern.<br \/>Weitere Informationen finden Sie auf unserer Website oder nehmen Sie an der Tanzcommunity WhatsApp-Gruppe teil. <a href=\"https:\/\/chat.whatsapp.com\/Hb81vmNTGnTLvHtzll0vre\" target=\"_blank\" rel=\"noopener\">Klicken Sie einfach hier auf diesen TEXT<\/a><\/p>\t\t\t\t\t\t\t\t<\/div>\n\t\t\t\t<\/div>\n\t\t\t\t<div class=\"elementor-element elementor-element-71a1fb9 elementor-widget elementor-widget-gallery\" data-id=\"71a1fb9\" data-element_type=\"widget\" data-e-type=\"widget\" data-settings=\"{&quot;gallery_layout&quot;:&quot;justified&quot;,&quot;gap&quot;:{&quot;unit&quot;:&quot;px&quot;,&quot;size&quot;:7,&quot;sizes&quot;:[]},&quot;lazyload&quot;:&quot;yes&quot;,&quot;ideal_row_height&quot;:{&quot;unit&quot;:&quot;px&quot;,&quot;size&quot;:200,&quot;sizes&quot;:[]},&quot;ideal_row_height_tablet&quot;:{&quot;unit&quot;:&quot;px&quot;,&quot;size&quot;:150,&quot;sizes&quot;:[]},&quot;ideal_row_height_mobile&quot;:{&quot;unit&quot;:&quot;px&quot;,&quot;size&quot;:150,&quot;sizes&quot;:[]},&quot;gap_tablet&quot;:{&quot;unit&quot;:&quot;px&quot;,&quot;size&quot;:10,&quot;sizes&quot;:[]},&quot;gap_mobile&quot;:{&quot;unit&quot;:&quot;px&quot;,&quot;size&quot;:10,&quot;sizes&quot;:[]},&quot;link_to&quot;:&quot;file&quot;,&quot;overlay_background&quot;:&quot;yes&quot;,&quot;content_hover_animation&quot;:&quot;fade-in&quot;}\" data-widget_type=\"gallery.default\">\n\t\t\t\t<div class=\"elementor-widget-container\">\n\t\t\t\t\t\t\t<div class=\"elementor-gallery__container\">\n\t\t\t\t\t\t\t<a class=\"e-gallery-item elementor-gallery-item elementor-animated-content\" href=\"https:\/\/zapatissimo.de\/wp-content\/uploads\/2023\/07\/photo1688482785.jpeg\" data-elementor-open-lightbox=\"yes\" data-elementor-lightbox-slideshow=\"71a1fb9\" data-elementor-lightbox-title=\"Zapatissimo Mall of Berlin\" data-e-action-hash=\"#elementor-action%3Aaction%3Dlightbox%26settings%3DeyJpZCI6MzU1MSwidXJsIjoiaHR0cHM6XC9cL3phcGF0aXNzaW1vLmRlXC93cC1jb250ZW50XC91cGxvYWRzXC8yMDIzXC8wN1wvcGhvdG8xNjg4NDgyNzg1LmpwZWciLCJzbGlkZXNob3ciOiI3MWExZmI5In0%3D\">\n\t\t\t\t\t<div class=\"e-gallery-image elementor-gallery-item__image\" data-thumbnail=\"https:\/\/zapatissimo.de\/wp-content\/uploads\/2023\/07\/photo1688482785-300x300.jpeg\" data-width=\"300\" data-height=\"300\" aria-label=\"Zapatissimo Mall of Berlin\" role=\"img\" ><\/div>\n\t\t\t\t\t\t\t\t\t\t\t<div class=\"elementor-gallery-item__overlay\"><\/div>\n\t\t\t\t\t\t\t\t\t\t\t\t\t\t<\/a>\n\t\t\t\t\t\t\t<a class=\"e-gallery-item elementor-gallery-item elementor-animated-content\" href=\"https:\/\/zapatissimo.de\/wp-content\/uploads\/2023\/03\/photo_5269708917397637603_y.jpg\" data-elementor-open-lightbox=\"yes\" data-elementor-lightbox-slideshow=\"71a1fb9\" data-elementor-lightbox-title=\"Zapatissimo Team\" data-e-action-hash=\"#elementor-action%3Aaction%3Dlightbox%26settings%3DeyJpZCI6MzUyMCwidXJsIjoiaHR0cHM6XC9cL3phcGF0aXNzaW1vLmRlXC93cC1jb250ZW50XC91cGxvYWRzXC8yMDIzXC8wM1wvcGhvdG9fNTI2OTcwODkxNzM5NzYzNzYwM195LmpwZyIsInNsaWRlc2hvdyI6IjcxYTFmYjkifQ%3D%3D\">\n\t\t\t\t\t<div class=\"e-gallery-image elementor-gallery-item__image\" data-thumbnail=\"https:\/\/zapatissimo.de\/wp-content\/uploads\/2023\/03\/photo_5269708917397637603_y-300x225.jpg\" data-width=\"300\" data-height=\"225\" aria-label=\"Zapatissimo Team\" role=\"img\" ><\/div>\n\t\t\t\t\t\t\t\t\t\t\t<div class=\"elementor-gallery-item__overlay\"><\/div>\n\t\t\t\t\t\t\t\t\t\t\t\t\t\t<\/a>\n\t\t\t\t\t\t\t<a class=\"e-gallery-item elementor-gallery-item elementor-animated-content\" href=\"https:\/\/zapatissimo.de\/wp-content\/uploads\/2023\/07\/photo1688481094.jpeg\" data-elementor-open-lightbox=\"yes\" data-elementor-lightbox-slideshow=\"71a1fb9\" data-elementor-lightbox-title=\"Zapatissimo Monbijou Park\" data-e-action-hash=\"#elementor-action%3Aaction%3Dlightbox%26settings%3DeyJpZCI6MzU0OCwidXJsIjoiaHR0cHM6XC9cL3phcGF0aXNzaW1vLmRlXC93cC1jb250ZW50XC91cGxvYWRzXC8yMDIzXC8wN1wvcGhvdG8xNjg4NDgxMDk0LmpwZWciLCJzbGlkZXNob3ciOiI3MWExZmI5In0%3D\">\n\t\t\t\t\t<div class=\"e-gallery-image elementor-gallery-item__image\" data-thumbnail=\"https:\/\/zapatissimo.de\/wp-content\/uploads\/2023\/07\/photo1688481094-225x300.jpeg\" data-width=\"225\" data-height=\"300\" aria-label=\"Zapatissimo Monbijou Park\" role=\"img\" ><\/div>\n\t\t\t\t\t\t\t\t\t\t\t<div class=\"elementor-gallery-item__overlay\"><\/div>\n\t\t\t\t\t\t\t\t\t\t\t\t\t\t<\/a>\n\t\t\t\t\t\t\t<a class=\"e-gallery-item elementor-gallery-item elementor-animated-content\" href=\"https:\/\/zapatissimo.de\/wp-content\/uploads\/2023\/05\/Niche-Zapatissimo-2023.jpeg\" data-elementor-open-lightbox=\"yes\" data-elementor-lightbox-slideshow=\"71a1fb9\" data-elementor-lightbox-title=\"Team der Tanzschule Zapatissimo in Berlin, Salsa, Bachata und Tango\" data-e-action-hash=\"#elementor-action%3Aaction%3Dlightbox%26settings%3DeyJpZCI6MzM4OSwidXJsIjoiaHR0cHM6XC9cL3phcGF0aXNzaW1vLmRlXC93cC1jb250ZW50XC91cGxvYWRzXC8yMDIzXC8wNVwvTmljaGUtWmFwYXRpc3NpbW8tMjAyMy5qcGVnIiwic2xpZGVzaG93IjoiNzFhMWZiOSJ9\">\n\t\t\t\t\t<div class=\"e-gallery-image elementor-gallery-item__image\" data-thumbnail=\"https:\/\/zapatissimo.de\/wp-content\/uploads\/2023\/05\/Niche-Zapatissimo-2023-300x225.jpeg\" data-width=\"300\" data-height=\"225\" aria-label=\"Team der Tanzschule Zapatissimo in Berlin, Salsa, Bachata und Tango\" role=\"img\" ><\/div>\n\t\t\t\t\t\t\t\t\t\t\t<div class=\"elementor-gallery-item__overlay\"><\/div>\n\t\t\t\t\t\t\t\t\t\t\t\t\t\t<\/a>\n\t\t\t\t\t\t\t<a class=\"e-gallery-item elementor-gallery-item elementor-animated-content\" href=\"https:\/\/zapatissimo.de\/wp-content\/uploads\/2023\/07\/photo1688482651.jpeg\" data-elementor-open-lightbox=\"yes\" data-elementor-lightbox-slideshow=\"71a1fb9\" data-elementor-lightbox-title=\"Zapatissimo Team Grupo niche\" data-e-action-hash=\"#elementor-action%3Aaction%3Dlightbox%26settings%3DeyJpZCI6MzU0OSwidXJsIjoiaHR0cHM6XC9cL3phcGF0aXNzaW1vLmRlXC93cC1jb250ZW50XC91cGxvYWRzXC8yMDIzXC8wN1wvcGhvdG8xNjg4NDgyNjUxLmpwZWciLCJzbGlkZXNob3ciOiI3MWExZmI5In0%3D\">\n\t\t\t\t\t<div class=\"e-gallery-image elementor-gallery-item__image\" data-thumbnail=\"https:\/\/zapatissimo.de\/wp-content\/uploads\/2023\/07\/photo1688482651-300x300.jpeg\" data-width=\"300\" data-height=\"300\" aria-label=\"Zapatissimo Team Grupo niche\" role=\"img\" ><\/div>\n\t\t\t\t\t\t\t\t\t\t\t<div class=\"elementor-gallery-item__overlay\"><\/div>\n\t\t\t\t\t\t\t\t\t\t\t\t\t\t<\/a>\n\t\t\t\t\t\t\t<a class=\"e-gallery-item elementor-gallery-item elementor-animated-content\" href=\"https:\/\/zapatissimo.de\/wp-content\/uploads\/2023\/07\/IMG_0664-4-scaled.jpg\" data-elementor-open-lightbox=\"yes\" data-elementor-lightbox-slideshow=\"71a1fb9\" data-elementor-lightbox-title=\"Zapatissimo Salsa Cale\u00f1a\" data-e-action-hash=\"#elementor-action%3Aaction%3Dlightbox%26settings%3DeyJpZCI6MzU1MiwidXJsIjoiaHR0cHM6XC9cL3phcGF0aXNzaW1vLmRlXC93cC1jb250ZW50XC91cGxvYWRzXC8yMDIzXC8wN1wvSU1HXzA2NjQtNC1zY2FsZWQuanBnIiwic2xpZGVzaG93IjoiNzFhMWZiOSJ9\">\n\t\t\t\t\t<div class=\"e-gallery-image elementor-gallery-item__image\" data-thumbnail=\"https:\/\/zapatissimo.de\/wp-content\/uploads\/2023\/07\/IMG_0664-4-300x200.jpg\" data-width=\"300\" data-height=\"200\" aria-label=\"Zapatissimo Salsa Cale\u00f1a\" role=\"img\" ><\/div>\n\t\t\t\t\t\t\t\t\t\t\t<div class=\"elementor-gallery-item__overlay\"><\/div>\n\t\t\t\t\t\t\t\t\t\t\t\t\t\t<\/a>\n\t\t\t\t\t\t\t<a class=\"e-gallery-item elementor-gallery-item elementor-animated-content\" href=\"https:\/\/zapatissimo.de\/wp-content\/uploads\/2023\/07\/Cumbia-foto-sps-agache-linfda-scaled.jpg\" data-elementor-open-lightbox=\"yes\" data-elementor-lightbox-slideshow=\"71a1fb9\" data-elementor-lightbox-title=\"Fernando Zapata y Jessica\" data-e-action-hash=\"#elementor-action%3Aaction%3Dlightbox%26settings%3DeyJpZCI6MzU1OSwidXJsIjoiaHR0cHM6XC9cL3phcGF0aXNzaW1vLmRlXC93cC1jb250ZW50XC91cGxvYWRzXC8yMDIzXC8wN1wvQ3VtYmlhLWZvdG8tc3BzLWFnYWNoZS1saW5mZGEtc2NhbGVkLmpwZyIsInNsaWRlc2hvdyI6IjcxYTFmYjkifQ%3D%3D\">\n\t\t\t\t\t<div class=\"e-gallery-image elementor-gallery-item__image\" data-thumbnail=\"https:\/\/zapatissimo.de\/wp-content\/uploads\/2023\/07\/Cumbia-foto-sps-agache-linfda-300x200.jpg\" data-width=\"300\" data-height=\"200\" aria-label=\"Fernando Zapata y Jessica\" role=\"img\" ><\/div>\n\t\t\t\t\t\t\t\t\t\t\t<div class=\"elementor-gallery-item__overlay\"><\/div>\n\t\t\t\t\t\t\t\t\t\t\t\t\t\t<\/a>\n\t\t\t\t\t\t\t<a class=\"e-gallery-item elementor-gallery-item elementor-animated-content\" href=\"https:\/\/zapatissimo.de\/wp-content\/uploads\/2023\/07\/0685a174-a38a-4d59-8cb3-f14660f28a32.jpg\" data-elementor-open-lightbox=\"yes\" data-elementor-lightbox-slideshow=\"71a1fb9\" data-elementor-lightbox-title=\"Fernando Mall of Berlin\" data-e-action-hash=\"#elementor-action%3Aaction%3Dlightbox%26settings%3DeyJpZCI6MzY3NSwidXJsIjoiaHR0cHM6XC9cL3phcGF0aXNzaW1vLmRlXC93cC1jb250ZW50XC91cGxvYWRzXC8yMDIzXC8wN1wvMDY4NWExNzQtYTM4YS00ZDU5LThjYjMtZjE0NjYwZjI4YTMyLmpwZyIsInNsaWRlc2hvdyI6IjcxYTFmYjkifQ%3D%3D\">\n\t\t\t\t\t<div class=\"e-gallery-image elementor-gallery-item__image\" data-thumbnail=\"https:\/\/zapatissimo.de\/wp-content\/uploads\/2023\/07\/0685a174-a38a-4d59-8cb3-f14660f28a32-300x169.jpg\" data-width=\"300\" data-height=\"169\" aria-label=\"Fernando Mall of Berlin\" role=\"img\" ><\/div>\n\t\t\t\t\t\t\t\t\t\t\t<div class=\"elementor-gallery-item__overlay\"><\/div>\n\t\t\t\t\t\t\t\t\t\t\t\t\t\t<\/a>\n\t\t\t\t\t\t\t<a class=\"e-gallery-item elementor-gallery-item elementor-animated-content\" href=\"https:\/\/zapatissimo.de\/wp-content\/uploads\/2023\/07\/erica-y-fernando-rojo-sebastian-insta.jpg\" data-elementor-open-lightbox=\"yes\" data-elementor-lightbox-slideshow=\"71a1fb9\" data-elementor-lightbox-title=\"Tango Zapatissimo\" data-e-action-hash=\"#elementor-action%3Aaction%3Dlightbox%26settings%3DeyJpZCI6MzU2MCwidXJsIjoiaHR0cHM6XC9cL3phcGF0aXNzaW1vLmRlXC93cC1jb250ZW50XC91cGxvYWRzXC8yMDIzXC8wN1wvZXJpY2EteS1mZXJuYW5kby1yb2pvLXNlYmFzdGlhbi1pbnN0YS5qcGciLCJzbGlkZXNob3ciOiI3MWExZmI5In0%3D\">\n\t\t\t\t\t<div class=\"e-gallery-image elementor-gallery-item__image\" data-thumbnail=\"https:\/\/zapatissimo.de\/wp-content\/uploads\/2023\/07\/erica-y-fernando-rojo-sebastian-insta-300x300.jpg\" data-width=\"300\" data-height=\"300\" aria-label=\"Tango Zapatissimo\" role=\"img\" ><\/div>\n\t\t\t\t\t\t\t\t\t\t\t<div class=\"elementor-gallery-item__overlay\"><\/div>\n\t\t\t\t\t\t\t\t\t\t\t\t\t\t<\/a>\n\t\t\t\t\t\t\t<a class=\"e-gallery-item elementor-gallery-item elementor-animated-content\" href=\"https:\/\/zapatissimo.de\/wp-content\/uploads\/2023\/07\/Fernando-Elena-1.jpeg\" data-elementor-open-lightbox=\"yes\" data-elementor-lightbox-slideshow=\"71a1fb9\" data-elementor-lightbox-title=\"Fernando - Elena\" data-e-action-hash=\"#elementor-action%3Aaction%3Dlightbox%26settings%3DeyJpZCI6MzYwNSwidXJsIjoiaHR0cHM6XC9cL3phcGF0aXNzaW1vLmRlXC93cC1jb250ZW50XC91cGxvYWRzXC8yMDIzXC8wN1wvRmVybmFuZG8tRWxlbmEtMS5qcGVnIiwic2xpZGVzaG93IjoiNzFhMWZiOSJ9\">\n\t\t\t\t\t<div class=\"e-gallery-image elementor-gallery-item__image\" data-thumbnail=\"https:\/\/zapatissimo.de\/wp-content\/uploads\/2023\/07\/Fernando-Elena-1-196x300.jpeg\" data-width=\"196\" data-height=\"300\" aria-label=\"Fernando - Elena\" role=\"img\" ><\/div>\n\t\t\t\t\t\t\t\t\t\t\t<div class=\"elementor-gallery-item__overlay\"><\/div>\n\t\t\t\t\t\t\t\t\t\t\t\t\t\t<\/a>\n\t\t\t\t\t\t\t<a class=\"e-gallery-item elementor-gallery-item elementor-animated-content\" href=\"https:\/\/zapatissimo.de\/wp-content\/uploads\/2023\/07\/P1010053-768x576-1.jpg\" data-elementor-open-lightbox=\"yes\" data-elementor-lightbox-slideshow=\"71a1fb9\" data-elementor-lightbox-title=\"Fernando und Erica\" data-e-action-hash=\"#elementor-action%3Aaction%3Dlightbox%26settings%3DeyJpZCI6MzY3NCwidXJsIjoiaHR0cHM6XC9cL3phcGF0aXNzaW1vLmRlXC93cC1jb250ZW50XC91cGxvYWRzXC8yMDIzXC8wN1wvUDEwMTAwNTMtNzY4eDU3Ni0xLmpwZyIsInNsaWRlc2hvdyI6IjcxYTFmYjkifQ%3D%3D\">\n\t\t\t\t\t<div class=\"e-gallery-image elementor-gallery-item__image\" data-thumbnail=\"https:\/\/zapatissimo.de\/wp-content\/uploads\/2023\/07\/P1010053-768x576-1-300x225.jpg\" data-width=\"300\" data-height=\"225\" aria-label=\"Fernando und Erica\" role=\"img\" ><\/div>\n\t\t\t\t\t\t\t\t\t\t\t<div class=\"elementor-gallery-item__overlay\"><\/div>\n\t\t\t\t\t\t\t\t\t\t\t\t\t\t<\/a>\n\t\t\t\t\t\t\t<a class=\"e-gallery-item elementor-gallery-item elementor-animated-content\" href=\"https:\/\/zapatissimo.de\/wp-content\/uploads\/2023\/07\/Fernando-Erika.jpeg\" data-elementor-open-lightbox=\"yes\" data-elementor-lightbox-slideshow=\"71a1fb9\" data-elementor-lightbox-title=\"Fernando - Erika\" data-e-action-hash=\"#elementor-action%3Aaction%3Dlightbox%26settings%3DeyJpZCI6MzYwNiwidXJsIjoiaHR0cHM6XC9cL3phcGF0aXNzaW1vLmRlXC93cC1jb250ZW50XC91cGxvYWRzXC8yMDIzXC8wN1wvRmVybmFuZG8tRXJpa2EuanBlZyIsInNsaWRlc2hvdyI6IjcxYTFmYjkifQ%3D%3D\">\n\t\t\t\t\t<div class=\"e-gallery-image elementor-gallery-item__image\" data-thumbnail=\"https:\/\/zapatissimo.de\/wp-content\/uploads\/2023\/07\/Fernando-Erika-230x300.jpeg\" data-width=\"230\" data-height=\"300\" aria-label=\"Fernando - Erika\" role=\"img\" ><\/div>\n\t\t\t\t\t\t\t\t\t\t\t<div class=\"elementor-gallery-item__overlay\"><\/div>\n\t\t\t\t\t\t\t\t\t\t\t\t\t\t<\/a>\n\t\t\t\t\t<\/div>\n\t\t\t\t\t<\/div>\n\t\t\t\t<\/div>\n\t\t\t\t<\/div>\n\t\t\t\t\t<\/div>\n\t\t\t\t<\/div>\n\t\t\t\t<\/div>\n\t\t","protected":false},"excerpt":{"rendered":"<p>Zapatissimo ist die einzige und gr\u00f6\u00dfte authentische lateinamerikanische Schule in Berlin. Unsere Lehrer sind kompetent, erfahren und charmant.Alle kommen aus Kuba und S\u00fcdamerika oder verf\u00fcgen \u00fcber tiefe Kenntnisse des s\u00fcdamerikanischen und karibischen Tanzes.Profitieren Sie von ihrer Vielseitigkeit, Professionalit\u00e4t und Anpassungsf\u00e4higkeitan alle). In schlicht und nat\u00fcrlich.Wir unterrichten Salsa, Bachata und argentinischen Tango.Lernen Sie m\u00fchelos, mit Leichtigkeit [&hellip;]<\/p>\n","protected":false},"author":1,"featured_media":0,"parent":0,"menu_order":0,"comment_status":"closed","ping_status":"closed","template":"","meta":{"site-sidebar-layout":"no-sidebar","site-content-layout":"page-builder","ast-site-content-layout":"default","site-content-style":"default","site-sidebar-style":"default","ast-global-header-display":"","ast-banner-title-visibility":"","ast-main-header-display":"","ast-hfb-above-header-display":"","ast-hfb-below-header-display":"","ast-hfb-mobile-header-display":"","site-post-title":"disabled","ast-breadcrumbs-content":"","ast-featured-img":"disabled","footer-sml-layout":"","ast-disable-related-posts":"","theme-transparent-header-meta":"default","adv-header-id-meta":"","stick-header-meta":"default","header-above-stick-meta":"","header-main-stick-meta":"","header-below-stick-meta":"","astra-migrate-meta-layouts":"default","ast-page-background-enabled":"default","ast-page-background-meta":{"desktop":{"background-color":"","background-image":"","background-repeat":"repeat","background-position":"center center","background-size":"auto","background-attachment":"scroll","background-type":"","background-media":"","overlay-type":"","overlay-color":"","overlay-opacity":"","overlay-gradient":""},"tablet":{"background-color":"","background-image":"","background-repeat":"repeat","background-position":"center center","background-size":"auto","background-attachment":"scroll","background-type":"","background-media":"","overlay-type":"","overlay-color":"","overlay-opacity":"","overlay-gradient":""},"mobile":{"background-color":"","background-image":"","background-repeat":"repeat","background-position":"center center","background-size":"auto","background-attachment":"scroll","background-type":"","background-media":"","overlay-type":"","overlay-color":"","overlay-opacity":"","overlay-gradient":""}},"ast-content-background-meta":{"desktop":{"background-color":"var(--ast-global-color-5)","background-image":"","background-repeat":"repeat","background-position":"center center","background-size":"auto","background-attachment":"scroll","background-type":"","background-media":"","overlay-type":"","overlay-color":"","overlay-opacity":"","overlay-gradient":""},"tablet":{"background-color":"var(--ast-global-color-5)","background-image":"","background-repeat":"repeat","background-position":"center center","background-size":"auto","background-attachment":"scroll","background-type":"","background-media":"","overlay-type":"","overlay-color":"","overlay-opacity":"","overlay-gradient":""},"mobile":{"background-color":"var(--ast-global-color-5)","background-image":"","background-repeat":"repeat","background-position":"center center","background-size":"auto","background-attachment":"scroll","background-type":"","background-media":"","overlay-type":"","overlay-color":"","overlay-opacity":"","overlay-gradient":""}},"footnotes":""},"class_list":["post-54","page","type-page","status-publish","hentry"],"_links":{"self":[{"href":"https:\/\/zapatissimo.de\/en\/wp-json\/wp\/v2\/pages\/54","targetHints":{"allow":["GET"]}}],"collection":[{"href":"https:\/\/zapatissimo.de\/en\/wp-json\/wp\/v2\/pages"}],"about":[{"href":"https:\/\/zapatissimo.de\/en\/wp-json\/wp\/v2\/types\/page"}],"author":[{"embeddable":true,"href":"https:\/\/zapatissimo.de\/en\/wp-json\/wp\/v2\/users\/1"}],"replies":[{"embeddable":true,"href":"https:\/\/zapatissimo.de\/en\/wp-json\/wp\/v2\/comments?post=54"}],"version-history":[{"count":0,"href":"https:\/\/zapatissimo.de\/en\/wp-json\/wp\/v2\/pages\/54\/revisions"}],"wp:attachment":[{"href":"https:\/\/zapatissimo.de\/en\/wp-json\/wp\/v2\/media?parent=54"}],"curies":[{"name":"wp","href":"https:\/\/api.w.org\/{rel}","templated":true}]}}