{"id":131,"date":"2022-02-26T12:03:33","date_gmt":"2022-02-26T11:03:33","guid":{"rendered":"https:\/\/zapatissimo.nicewalkers.com\/?page_id=131"},"modified":"2024-09-17T17:23:07","modified_gmt":"2024-09-17T15:23:07","slug":"clases-particulares","status":"publish","type":"page","link":"https:\/\/zapatissimo.de\/es\/privatunterricht\/","title":{"rendered":"Clases particulares"},"content":{"rendered":"<div data-elementor-type=\"wp-page\" data-elementor-id=\"131\" class=\"elementor elementor-131\" data-elementor-post-type=\"page\">\n\t\t\t\t\t\t<section class=\"elementor-section elementor-top-section elementor-element elementor-element-f105295 elementor-section-boxed elementor-section-height-default elementor-section-height-default\" data-id=\"f105295\" data-element_type=\"section\" data-e-type=\"section\" data-settings=\"{&quot;jet_parallax_layout_list&quot;:[],&quot;background_background&quot;:&quot;classic&quot;}\">\n\t\t\t\t\t\t\t<div class=\"elementor-background-overlay\"><\/div>\n\t\t\t\t\t\t\t<div class=\"elementor-container elementor-column-gap-default\">\n\t\t\t\t\t<div class=\"elementor-column elementor-col-100 elementor-top-column elementor-element elementor-element-a37d573\" data-id=\"a37d573\" data-element_type=\"column\" data-e-type=\"column\">\n\t\t\t<div class=\"elementor-widget-wrap elementor-element-populated\">\n\t\t\t\t\t\t<div class=\"elementor-element elementor-element-4c09f23 elementor-widget elementor-widget-heading\" data-id=\"4c09f23\" data-element_type=\"widget\" data-e-type=\"widget\" data-widget_type=\"heading.default\">\n\t\t\t\t<div class=\"elementor-widget-container\">\n\t\t\t\t\t<h1 class=\"elementor-heading-title elementor-size-default\">Clases particulares<\/h1>\t\t\t\t<\/div>\n\t\t\t\t<\/div>\n\t\t\t\t\t<\/div>\n\t\t<\/div>\n\t\t\t\t\t<\/div>\n\t\t<\/section>\n\t\t\t\t<section class=\"elementor-section elementor-top-section elementor-element elementor-element-968e476 elementor-section-boxed elementor-section-height-default elementor-section-height-default\" data-id=\"968e476\" data-element_type=\"section\" data-e-type=\"section\" data-settings=\"{&quot;jet_parallax_layout_list&quot;:[]}\">\n\t\t\t\t\t\t<div class=\"elementor-container elementor-column-gap-default\">\n\t\t\t\t\t<div class=\"elementor-column elementor-col-50 elementor-top-column elementor-element elementor-element-abf0134\" data-id=\"abf0134\" data-element_type=\"column\" data-e-type=\"column\">\n\t\t\t<div class=\"elementor-widget-wrap elementor-element-populated\">\n\t\t\t\t\t\t<div class=\"elementor-element elementor-element-d7b7a5a elementor-widget__width-initial elementor-widget elementor-widget-text-editor\" data-id=\"d7b7a5a\" data-element_type=\"widget\" data-e-type=\"widget\" data-widget_type=\"text-editor.default\">\n\t\t\t\t<div class=\"elementor-widget-container\">\n\t\t\t\t\t\t\t\t\t<p>Nos adaptamos a las capacidades de aprendizaje de cada individuo, te acompa\u00f1amos en tu desarrollo y te damos consejos y trucos para impresionar a tu pareja de baile y a tu entorno social de forma natural y positiva.<br \/>Si alguien puede andar, tambi\u00e9n puede bailar.<br \/>Muchas personas creen que tienen dos pies izquierdos y que no saben bailar.<br \/>Creemos que saben bailar, s\u00f3lo que a\u00fan no se han dado cuenta.<br \/>Nuestro objetivo en Zapatissimo es reconocer los puntos fuertes y animar a los alumnos a desarrollar su propio estilo.<br \/>Esto ocurre a trav\u00e9s de la percepci\u00f3n consciente del propio cuerpo.<\/p><p>Si conocen su cuerpo, se puede desarrollar la creatividad.<\/p><p>Descubren nuevos movimientos y crean sus propias figuras.<br \/>Con nosotros, aprenden a realizar elementos geniales de baile social y a improvisar al mismo tiempo.<\/p><p>En nuestras clases particulares nos adaptamos a nuestros alumnos individualmente.<br \/>Todos nuestros profesores son bailarines profesionales de escena de nivel internacional.<br \/>Escuelas de arte en Argentina, Cuba, Colombia y otros pa\u00edses.<br \/>que llevan en sus cuerpos las experiencias frescas de la danza y su m\u00fasica y est\u00e1n dispuestos a compartirlas contigo de la forma m\u00e1s humana.<br \/>Puedes bailar tanto los pasos masculinos como los femeninos.<br \/>Mostramos a los alumnos c\u00f3mo pueden mejorar su estilo de baile con peque\u00f1os detalles y t\u00e9cnica.<br \/>Se trata de elegancia, calidad de movimiento y, sobre todo, mucha diversi\u00f3n.<\/p><p>Whatsapp:\u00a0<a href=\"https:\/\/wa.me\/qr\/H2EC4ISLVYXNE1\" target=\"_blank\" rel=\"noopener\"><span class=\"elementor-icon-list-text\">+49 17620470772<\/span><\/a><\/p>\t\t\t\t\t\t\t\t<\/div>\n\t\t\t\t<\/div>\n\t\t\t\t\t<\/div>\n\t\t<\/div>\n\t\t\t\t<div class=\"elementor-column elementor-col-50 elementor-top-column elementor-element elementor-element-43d20f0\" data-id=\"43d20f0\" data-element_type=\"column\" data-e-type=\"column\">\n\t\t\t<div class=\"elementor-widget-wrap elementor-element-populated\">\n\t\t\t\t\t\t<div class=\"elementor-element elementor-element-076119c elementor-widget elementor-widget-image\" data-id=\"076119c\" data-element_type=\"widget\" data-e-type=\"widget\" data-widget_type=\"image.default\">\n\t\t\t\t<div class=\"elementor-widget-container\">\n\t\t\t\t\t\t\t\t\t\t\t\t\t\t\t<img decoding=\"async\" src=\"https:\/\/zapatissimo.de\/wp-content\/uploads\/2023\/07\/Fernando-Zapata-Zapatissimo-Berlin.jpeg\" title=\"Fernando Zapata Zapatissimo Berl\u00edn\" alt=\"Fernando Zapata Zapatissimo Berl\u00edn\" loading=\"lazy\" \/>\t\t\t\t\t\t\t\t\t\t\t\t\t\t\t<\/div>\n\t\t\t\t<\/div>\n\t\t\t\t\t<\/div>\n\t\t<\/div>\n\t\t\t\t\t<\/div>\n\t\t<\/section>\n\t\t\t\t<section class=\"elementor-section elementor-top-section elementor-element elementor-element-8b74337 elementor-section-boxed elementor-section-height-default elementor-section-height-default\" data-id=\"8b74337\" data-element_type=\"section\" data-e-type=\"section\" data-settings=\"{&quot;jet_parallax_layout_list&quot;:[]}\">\n\t\t\t\t\t\t<div class=\"elementor-container elementor-column-gap-default\">\n\t\t\t\t\t<div class=\"elementor-column elementor-col-100 elementor-top-column elementor-element elementor-element-c89799f\" data-id=\"c89799f\" data-element_type=\"column\" data-e-type=\"column\">\n\t\t\t<div class=\"elementor-widget-wrap elementor-element-populated\">\n\t\t\t\t\t\t<div class=\"elementor-element elementor-element-d4e1da0 elementor-widget elementor-widget-jet-video\" data-id=\"d4e1da0\" data-element_type=\"widget\" data-e-type=\"widget\" data-widget_type=\"jet-video.default\">\n\t\t\t\t<div class=\"elementor-widget-container\">\n\t\t\t\t\t<div class=\"elementor-jet-video jet-elements\">\n<div class=\"jet-video jet-video--fa5-compat jet-video-aspect-ratio jet-video-aspect-ratio--4-3\" data-settings=\"{&quot;lightbox&quot;:false,&quot;autoplay&quot;:false}\"><iframe class=\"jet-video-iframe\" allowfullscreen allow=\"autoplay;encrypted-media\" title=\"Reproductor de v\u00eddeo youtube\" data-lazy-load=\"https:\/\/www.youtube.com\/embed\/3n8k_yHI7YA?feature=oembed&amp;start=0.15&amp;end&amp;wmode=opaque&amp;autoplay=0&amp;loop=0&amp;controls=1&amp;mute=0&amp;rel=0&amp;modestbranding=1\"><\/iframe>\n<div class=\"jet-video__overlay jet-video__overlay--custom-bg\" style=\"background-image: url(https:\/\/zapatissimo.de\/wp-content\/uploads\/2023\/07\/video-zapatissimo.jpg);\">\n<div class=\"jet-video__play-button\" role=\"button\" tabindex=\"0\" aria-label=\"Bot\u00f3n de reproducci\u00f3n de v\u00eddeo\"><span class=\"jet-elements-icon jet-video__play-button-icon\"><i aria-hidden=\"true\" class=\"fas fa-play\"><\/i><\/span>\t<span class=\"elementor-screen-only\">Reproducir v\u00eddeo<\/span>\n<\/div>\n<\/div>\n<\/div>\n<\/div>\t\t\t\t<\/div>\n\t\t\t\t<\/div>\n\t\t\t\t\t<\/div>\n\t\t<\/div>\n\t\t\t\t\t<\/div>\n\t\t<\/section>\n\t\t\t\t<section class=\"elementor-section elementor-top-section elementor-element elementor-element-85ec994 elementor-section-boxed elementor-section-height-default elementor-section-height-default\" data-id=\"85ec994\" data-element_type=\"section\" data-e-type=\"section\" data-settings=\"{&quot;jet_parallax_layout_list&quot;:[]}\">\n\t\t\t\t\t\t<div class=\"elementor-container elementor-column-gap-default\">\n\t\t\t\t\t<div class=\"elementor-column elementor-col-100 elementor-top-column elementor-element elementor-element-5244e94\" data-id=\"5244e94\" data-element_type=\"column\" data-e-type=\"column\">\n\t\t\t<div class=\"elementor-widget-wrap\">\n\t\t\t\t\t\t\t<\/div>\n\t\t<\/div>\n\t\t\t\t\t<\/div>\n\t\t<\/section>\n\t\t\t\t<\/div>","protected":false},"excerpt":{"rendered":"<p>Private Lessons Wir passen uns den Lernf\u00e4higkeiten jedes Einzelnen an, begleiten Sie in Ihrer Entwicklung und geben Ihnen Tipps und Tricks, um Ihren Tanzpartner und Ihr soziales Umfeld auf nat\u00fcrliche und positive Weise zu beeindrucken. Solange jemand laufen kann,kann er auch tanzen. Viele Leute glauben, dass sie zwei linke F\u00fc\u00dfe haben un dass sie nicht [&hellip;]<\/p>\n","protected":false},"author":1,"featured_media":0,"parent":0,"menu_order":0,"comment_status":"closed","ping_status":"closed","template":"","meta":{"site-sidebar-layout":"no-sidebar","site-content-layout":"page-builder","ast-site-content-layout":"full-width-container","site-content-style":"unboxed","site-sidebar-style":"unboxed","ast-global-header-display":"","ast-banner-title-visibility":"","ast-main-header-display":"","ast-hfb-above-header-display":"","ast-hfb-below-header-display":"","ast-hfb-mobile-header-display":"","site-post-title":"disabled","ast-breadcrumbs-content":"","ast-featured-img":"disabled","footer-sml-layout":"","ast-disable-related-posts":"","theme-transparent-header-meta":"default","adv-header-id-meta":"","stick-header-meta":"default","header-above-stick-meta":"","header-main-stick-meta":"","header-below-stick-meta":"","astra-migrate-meta-layouts":"set","ast-page-background-enabled":"default","ast-page-background-meta":{"desktop":{"background-color":"","background-image":"","background-repeat":"repeat","background-position":"center center","background-size":"auto","background-attachment":"scroll","background-type":"","background-media":"","overlay-type":"","overlay-color":"","overlay-opacity":"","overlay-gradient":""},"tablet":{"background-color":"","background-image":"","background-repeat":"repeat","background-position":"center center","background-size":"auto","background-attachment":"scroll","background-type":"","background-media":"","overlay-type":"","overlay-color":"","overlay-opacity":"","overlay-gradient":""},"mobile":{"background-color":"","background-image":"","background-repeat":"repeat","background-position":"center center","background-size":"auto","background-attachment":"scroll","background-type":"","background-media":"","overlay-type":"","overlay-color":"","overlay-opacity":"","overlay-gradient":""}},"ast-content-background-meta":{"desktop":{"background-color":"var(--ast-global-color-5)","background-image":"","background-repeat":"repeat","background-position":"center center","background-size":"auto","background-attachment":"scroll","background-type":"","background-media":"","overlay-type":"","overlay-color":"","overlay-opacity":"","overlay-gradient":""},"tablet":{"background-color":"var(--ast-global-color-5)","background-image":"","background-repeat":"repeat","background-position":"center center","background-size":"auto","background-attachment":"scroll","background-type":"","background-media":"","overlay-type":"","overlay-color":"","overlay-opacity":"","overlay-gradient":""},"mobile":{"background-color":"var(--ast-global-color-5)","background-image":"","background-repeat":"repeat","background-position":"center center","background-size":"auto","background-attachment":"scroll","background-type":"","background-media":"","overlay-type":"","overlay-color":"","overlay-opacity":"","overlay-gradient":""}},"footnotes":""},"class_list":["post-131","page","type-page","status-publish","hentry"],"_links":{"self":[{"href":"https:\/\/zapatissimo.de\/es\/wp-json\/wp\/v2\/pages\/131","targetHints":{"allow":["GET"]}}],"collection":[{"href":"https:\/\/zapatissimo.de\/es\/wp-json\/wp\/v2\/pages"}],"about":[{"href":"https:\/\/zapatissimo.de\/es\/wp-json\/wp\/v2\/types\/page"}],"author":[{"embeddable":true,"href":"https:\/\/zapatissimo.de\/es\/wp-json\/wp\/v2\/users\/1"}],"replies":[{"embeddable":true,"href":"https:\/\/zapatissimo.de\/es\/wp-json\/wp\/v2\/comments?post=131"}],"version-history":[{"count":0,"href":"https:\/\/zapatissimo.de\/es\/wp-json\/wp\/v2\/pages\/131\/revisions"}],"wp:attachment":[{"href":"https:\/\/zapatissimo.de\/es\/wp-json\/wp\/v2\/media?parent=131"}],"curies":[{"name":"wp","href":"https:\/\/api.w.org\/{rel}","templated":true}]}}