{"id":3084,"date":"2023-04-14T17:18:15","date_gmt":"2023-04-14T15:18:15","guid":{"rendered":"https:\/\/zapatissimo.de\/?page_id=3084"},"modified":"2025-03-05T13:04:02","modified_gmt":"2025-03-05T12:04:02","slug":"politica-de-privacidad-2","status":"publish","type":"page","link":"https:\/\/zapatissimo.de\/es\/impressum\/","title":{"rendered":"Pie de imprenta"},"content":{"rendered":"<div data-elementor-type=\"wp-page\" data-elementor-id=\"3084\" class=\"elementor elementor-3084\" data-elementor-post-type=\"page\">\n\t\t\t\t\t\t<section class=\"elementor-section elementor-top-section elementor-element elementor-element-c66a51c elementor-section-stretched elementor-section-boxed elementor-section-height-default elementor-section-height-default\" data-id=\"c66a51c\" data-element_type=\"section\" data-e-type=\"section\" data-settings=\"{&quot;jet_parallax_layout_list&quot;:[],&quot;background_background&quot;:&quot;classic&quot;,&quot;stretch_section&quot;:&quot;section-stretched&quot;}\">\n\t\t\t\t\t\t\t<div class=\"elementor-background-overlay\"><\/div>\n\t\t\t\t\t\t\t<div class=\"elementor-container elementor-column-gap-no\">\n\t\t\t\t\t<div class=\"elementor-column elementor-col-100 elementor-top-column elementor-element elementor-element-97cef37\" data-id=\"97cef37\" data-element_type=\"column\" data-e-type=\"column\">\n\t\t\t<div class=\"elementor-widget-wrap elementor-element-populated\">\n\t\t\t\t\t\t<div class=\"elementor-element elementor-element-76c6284 elementor-widget elementor-widget-heading\" data-id=\"76c6284\" data-element_type=\"widget\" data-e-type=\"widget\" data-widget_type=\"heading.default\">\n\t\t\t\t<div class=\"elementor-widget-container\">\n\t\t\t\t\t<h1 class=\"elementor-heading-title elementor-size-default\">Pie de imprenta<\/h1>\t\t\t\t<\/div>\n\t\t\t\t<\/div>\n\t\t\t\t\t<\/div>\n\t\t<\/div>\n\t\t\t\t\t<\/div>\n\t\t<\/section>\n\t\t\t\t<section class=\"elementor-section elementor-top-section elementor-element elementor-element-d0e16c7 elementor-section-boxed elementor-section-height-default elementor-section-height-default\" data-id=\"d0e16c7\" data-element_type=\"section\" data-e-type=\"section\" data-settings=\"{&quot;jet_parallax_layout_list&quot;:[]}\">\n\t\t\t\t\t\t<div class=\"elementor-container elementor-column-gap-default\">\n\t\t\t\t\t<div class=\"elementor-column elementor-col-100 elementor-top-column elementor-element elementor-element-6453a1f\" data-id=\"6453a1f\" data-element_type=\"column\" data-e-type=\"column\">\n\t\t\t<div class=\"elementor-widget-wrap elementor-element-populated\">\n\t\t\t\t\t\t<div class=\"elementor-element elementor-element-61cd70b elementor-widget elementor-widget-text-editor\" data-id=\"61cd70b\" data-element_type=\"widget\" data-e-type=\"widget\" data-widget_type=\"text-editor.default\">\n\t\t\t\t<div class=\"elementor-widget-container\">\n\t\t\t\t\t\t\t\t\t<h2>Escuela de danza Zapatissimo<\/h2><p>Fernando Zapata<br \/>Kolonnenstr 29<br \/>10829 Berl\u00edn, Sch\u00f6neberg<br \/>Alemania<\/p><p>Tel\u00e9fono: +49 017620470772<br \/>Correo electr\u00f3nico: info@zapatissimo.de<\/p><p>N\u00famero de identificaci\u00f3n fiscal: A petici\u00f3n<\/p><h3>La informaci\u00f3n aqu\u00ed facilitada tiene por objeto cumplir las siguientes obligaciones legales:<\/h3><p>\u00a7 Art\u00edculo 5 de la Ley alemana de Telemedios (TMG)<br \/>\u00a7 Art\u00edculo 55 del Tratado Interestatal sobre Radiodifusi\u00f3n y Telemedios (RStV)<br \/>\u00a7 Art\u00edculo 4 (3) de la Ley Federal de Protecci\u00f3n de Datos (BDSG)<br \/>\u00a7 Art\u00edculo 312c del C\u00f3digo Civil alem\u00e1n (BGB)<br \/>\u00a7 Art\u00edculo 1 BGB Ordenanza sobre Obligaciones de Informaci\u00f3n (BGB-InfoV)<\/p><h3>Recogida, tratamiento y uso de mis datos con fines comerciales:<\/h3><p>De acuerdo con el art\u00edculo 28 de la BDSG, me opongo a cualquier uso comercial y divulgaci\u00f3n de mis datos, as\u00ed como al uso de mis datos personales por parte de todas las empresas de marketing directo y en todos los env\u00edos publicitarios. Proh\u00edbo el uso o la transmisi\u00f3n de mis datos con fines publicitarios o de investigaci\u00f3n de mercado o de opini\u00f3n.<\/p><h3>Nota sobre marcas y logotipos protegidos:<\/h3><p>El uso de marcas, nombres comerciales, modelos de utilidad y logotipos de marcas protegidos en este sitio web no constituye una infracci\u00f3n de los derechos de autor, sino que sirve como referencia ilustrativa. Aunque no est\u00e9n etiquetados como tales en los lugares respectivos, se aplican las disposiciones legales correspondientes. Las marcas y logotipos utilizados son propiedad de los fabricantes y est\u00e1n sujetos a sus disposiciones sobre derechos de autor. Consulta la informaci\u00f3n facilitada por los fabricantes en sus sitios web.<\/p><h3>Copyright y aviso de derechos de autor:<\/h3><p>Todos los derechos reservados. Todos los textos, im\u00e1genes, gr\u00e1ficos, animaciones y v\u00eddeos, as\u00ed como el contenido y la estructura de este sitio web, est\u00e1n protegidos por derechos de autor y otras leyes de protecci\u00f3n de la propiedad intelectual. Su copia, modificaci\u00f3n, uso comercial, utilizaci\u00f3n en otros medios o reenv\u00edo a terceros no est\u00e1 permitido o requiere autorizaci\u00f3n expresa previa.<\/p><h3>Nota para todos los enlaces de este sitio web:<\/h3><p>A pesar de comprobar cuidadosamente el contenido, no asumo ninguna responsabilidad por el contenido de los enlaces externos. Los operadores de estos sitios web son los \u00fanicos responsables de su contenido. Si deseas visitar sitios web enlazados, debes observar la informaci\u00f3n legal vigente. No somos responsables de las normas y pr\u00e1cticas de protecci\u00f3n de datos de otros proveedores.<\/p><h3>Este sitio web utiliza Google Analytics, un servicio anal\u00edtico de web prestado por Google Inc (\"Google\").<\/h3><p>Google Analytics utiliza \"cookies\", que son archivos de texto ubicados en tu ordenador, para ayudar al sitio web a analizar c\u00f3mo lo utilizan los usuarios. La informaci\u00f3n generada por la cookie sobre tu uso de este sitio web se transmite normalmente a un servidor de Google en EE.UU. y se almacena all\u00ed. Sin embargo, si se activa la anonimizaci\u00f3n de IP en este sitio web, tu direcci\u00f3n IP ser\u00e1 acortada previamente por Google dentro de los estados miembros de la Uni\u00f3n Europea o en otros estados contratantes del Acuerdo sobre el Espacio Econ\u00f3mico Europeo. S\u00f3lo en casos excepcionales se transmitir\u00e1 la direcci\u00f3n IP completa a un servidor de Google en EE.UU. y se truncar\u00e1 all\u00ed. En nombre del operador de este sitio web, Google utilizar\u00e1 esta informaci\u00f3n para analizar tu uso del sitio web, recopilar informes sobre la actividad del sitio web y prestar otros servicios relacionados con la actividad del sitio web y el uso de Internet al operador del sitio web. La direcci\u00f3n IP transmitida por tu navegador como parte de Google Analytics no se fusionar\u00e1 con otros datos de Google. Puedes rechazar el uso de cookies seleccionando la configuraci\u00f3n adecuada en tu navegador, pero ten en cuenta que si lo haces es posible que no puedas utilizar todas las funciones de este sitio web. Tambi\u00e9n puedes impedir que Google recopile los datos generados por la cookie y relacionados con tu uso del sitio web (incluida tu direcci\u00f3n IP) y que Google procese estos datos descargando e instalando el complemento del navegador disponible en el siguiente enlace (http:\/\/tools.google.com\/dlpage\/gaoptout?hl=de).<\/p>\t\t\t\t\t\t\t\t<\/div>\n\t\t\t\t<\/div>\n\t\t\t\t\t<\/div>\n\t\t<\/div>\n\t\t\t\t\t<\/div>\n\t\t<\/section>\n\t\t\t\t<\/div>","protected":false},"excerpt":{"rendered":"<p>Zapatissimo Tanzschule Fernando ZapataKolonnenstr 2910829 Berlin,\u00a0Sch\u00f6nebergDeutschland Tel.: +49 017620470772E-Mail: info@zapatissimo.de Steuernummer: Auf Anfrage Die hier gegebenen Informationen erfolgen zur Erf\u00fcllung nachfolgend genannter gesetzlicher Verpflichtungen: \u00a7 5 Telemediengesetz (TMG)\u00a7 55 Staatsvertrag \u00fcber Rundfunk und Telemedien (RStV)\u00a7 4 Abs. 3 Bundesdatenschutzgesetz (BDSG)\u00a7 312c B\u00fcrgerliches Gesetzbuch (BGB)\u00a7 1 BGB-Informationspflichten-Verordnung (BGB-InfoV) Datenerhebung, -verarbeitung und -nutzung meiner Daten f\u00fcr kommerzielle [&hellip;]<\/p>\n","protected":false},"author":1,"featured_media":0,"parent":0,"menu_order":0,"comment_status":"closed","ping_status":"closed","template":"","meta":{"site-sidebar-layout":"default","site-content-layout":"","ast-site-content-layout":"default","site-content-style":"default","site-sidebar-style":"default","ast-global-header-display":"","ast-banner-title-visibility":"","ast-main-header-display":"","ast-hfb-above-header-display":"","ast-hfb-below-header-display":"","ast-hfb-mobile-header-display":"","site-post-title":"disabled","ast-breadcrumbs-content":"","ast-featured-img":"","footer-sml-layout":"","ast-disable-related-posts":"","theme-transparent-header-meta":"default","adv-header-id-meta":"","stick-header-meta":"default","header-above-stick-meta":"","header-main-stick-meta":"","header-below-stick-meta":"","astra-migrate-meta-layouts":"set","ast-page-background-enabled":"default","ast-page-background-meta":{"desktop":{"background-color":"","background-image":"","background-repeat":"repeat","background-position":"center center","background-size":"auto","background-attachment":"scroll","background-type":"","background-media":"","overlay-type":"","overlay-color":"","overlay-opacity":"","overlay-gradient":""},"tablet":{"background-color":"","background-image":"","background-repeat":"repeat","background-position":"center center","background-size":"auto","background-attachment":"scroll","background-type":"","background-media":"","overlay-type":"","overlay-color":"","overlay-opacity":"","overlay-gradient":""},"mobile":{"background-color":"","background-image":"","background-repeat":"repeat","background-position":"center center","background-size":"auto","background-attachment":"scroll","background-type":"","background-media":"","overlay-type":"","overlay-color":"","overlay-opacity":"","overlay-gradient":""}},"ast-content-background-meta":{"desktop":{"background-color":"var(--ast-global-color-5)","background-image":"","background-repeat":"repeat","background-position":"center center","background-size":"auto","background-attachment":"scroll","background-type":"","background-media":"","overlay-type":"","overlay-color":"","overlay-opacity":"","overlay-gradient":""},"tablet":{"background-color":"var(--ast-global-color-5)","background-image":"","background-repeat":"repeat","background-position":"center center","background-size":"auto","background-attachment":"scroll","background-type":"","background-media":"","overlay-type":"","overlay-color":"","overlay-opacity":"","overlay-gradient":""},"mobile":{"background-color":"var(--ast-global-color-5)","background-image":"","background-repeat":"repeat","background-position":"center center","background-size":"auto","background-attachment":"scroll","background-type":"","background-media":"","overlay-type":"","overlay-color":"","overlay-opacity":"","overlay-gradient":""}},"footnotes":""},"class_list":["post-3084","page","type-page","status-publish","hentry"],"_links":{"self":[{"href":"https:\/\/zapatissimo.de\/es\/wp-json\/wp\/v2\/pages\/3084","targetHints":{"allow":["GET"]}}],"collection":[{"href":"https:\/\/zapatissimo.de\/es\/wp-json\/wp\/v2\/pages"}],"about":[{"href":"https:\/\/zapatissimo.de\/es\/wp-json\/wp\/v2\/types\/page"}],"author":[{"embeddable":true,"href":"https:\/\/zapatissimo.de\/es\/wp-json\/wp\/v2\/users\/1"}],"replies":[{"embeddable":true,"href":"https:\/\/zapatissimo.de\/es\/wp-json\/wp\/v2\/comments?post=3084"}],"version-history":[{"count":0,"href":"https:\/\/zapatissimo.de\/es\/wp-json\/wp\/v2\/pages\/3084\/revisions"}],"wp:attachment":[{"href":"https:\/\/zapatissimo.de\/es\/wp-json\/wp\/v2\/media?parent=3084"}],"curies":[{"name":"wp","href":"https:\/\/api.w.org\/{rel}","templated":true}]}}